{"id":850,"date":"2024-03-05T10:39:22","date_gmt":"2024-03-05T09:39:22","guid":{"rendered":"https:\/\/ape-ees.eu\/the-board\/"},"modified":"2025-11-17T21:35:19","modified_gmt":"2025-11-17T20:35:19","slug":"the-board","status":"publish","type":"page","link":"https:\/\/ape-ees.eu\/fr\/the-board\/","title":{"rendered":"Comit\u00e9 de direction"},"content":{"rendered":"<section class=\"page-title-area bg-shadow\">\r\n\t<div class=\"container\">\r\n\t\t<div class=\"page-title-content\">\r\n\t\t\t<h1>Comit\u00e9 de direction<\/h1><div class=\"breadcrumbs\"><span><span><a href=\"https:\/\/ape-ees.eu\/fr\/\">APE-EES<\/a><\/span><\/span><\/div>\t\t<\/div>\r\n\t<\/div>\r\n\t\t\t<img decoding=\"async\" src=\"https:\/\/ape-ees.eu\/wp-content\/uploads\/board2-2024.jpeg\" alt=\"Comit\u00e9 de directionbackground\">\r\n\t<\/section>\n\n\t<section class=\"about-area ptb-100\">\r\n\t\t<div class=\"container\">\r\n\t\t\t<div class=\"row align-items-center\">\r\n\t\t\t\t<div class=\"col-lg-6\">\r\n\t\t\t\t\t<div class=\"about-img mr-15\">\r\n\t\t\t\t\t\t<img decoding=\"async\" src=\"https:\/\/ape-ees.eu\/wp-content\/uploads\/PHOTO-2025-11-17-21-23-29.jpg\" alt=\"About Us\">\r\n\t\t\t\t\t<\/div>\r\n\t\t\t\t<\/div>\r\n\t\t\t\t<div class=\"col-lg-6\">\r\n\t\t\t\t\t<div class=\"about-content ml-15\">\r\n\t\t\t\t\t\t\t\t\t\t\t\t\t<span> Qui sommes nous?<\/span>\r\n\t\t\t\t\t\t\t\t\t\t\t\t\t<h2>Comit\u00e9 de direction<\/h2>\r\n\t\t\t\t\t\t<p>Le r\u00f4le de l&rsquo;Association est de repr\u00e9senter et de prot\u00e9ger les int\u00e9r\u00eats de la famille (p\u00e9dagogiques et \u00e9ducatifs) dans l&rsquo;\u00e9cole. Elle s&rsquo;occupe de la garderie, des activit\u00e9s p\u00e9riscolaires, de la lunchbox ainsi que de l&rsquo;ALSH &#8211; Accueil de Loisirs Sans H\u00e9bergement.<br \/>\n\u200b<br \/>\nSes membres si\u00e8gent au comit\u00e9 d&rsquo;administration (comit\u00e9 administratif de l&rsquo;\u00e9cole) et \u00e0 tous les comit\u00e9s internes. L&rsquo;APE est le point de contact avec l&rsquo;administration locale (Ville, D\u00e9partement, R\u00e9gion), ainsi qu&rsquo;avec les repr\u00e9sentants des Institutions (Parlement europ\u00e9en, M\u00e9diateur et autres agences).<\/p>\n<p>Si vous souhaitez rejoindre le Comit\u00e9 de direction de l&rsquo;APE-EES, veuillez remplir le formulaire.<\/p>\n\t\t\t\t\t\t\t\t\t<a href=\"https:\/\/docs.google.com\/forms\/d\/e\/1FAIpQLSevk1CsSjJ7pbuK1ZHDBXFCi_m6ULyU6KNruFV1pr5MPlmsdQ\/viewform\" class=\"default-btn\" target=\"_blank\">Rejoignez-nous<i class=\"ri-arrow-right-line\"><\/i><\/a>\r\n\t\t\t\t\t\t\t\t\t\t\t\t\t<\/div>\r\n\t\t\t\t<\/div>\r\n\t\t\t<\/div>\r\n\t\t<\/div>\r\n\t<\/section>\r\n\n\n\t<section class=\"team-area-three ptb-100\">\r\n\t\t<div class=\"container\">\r\n\t\t\t\t\t\t\t<div class=\"section-title\">\r\n\t\t\t\t\t\t\t\t\t\t\t<h2>Notre \u00e9quipe<\/h2>\r\n\t\t\t\t\t\t\t\t\t\t\t<p>Nous sommes des parents b\u00e9n\u00e9voles, repr\u00e9sentant et d\u00e9fendant les int\u00e9r\u00eats des parents d&rsquo;\u00e9l\u00e8ves au niveau local, r\u00e9gional, national ou europ\u00e9en.<br \/>\r\nVous trouverez ci-dessous plus d&rsquo;informations sur nous : qui fait quoi \u00e0 l&rsquo;APE et \u00e0 quelles sections et cycles nos enfants sont scolaris\u00e9s.<\/p>\r\n\t\t\t\t\t\t\t\t\t<\/div>\r\n\t\t\t\t\t\t<div class=\"team-grid\">\r\n\t\t\t\t\t\t\t\t\t\t<div class=\"single-team-member\">\r\n\t\t\t\t\t\t\t<img decoding=\"async\" src=\"https:\/\/ape-ees.eu\/wp-content\/uploads\/2024\/03\/Robyn-Eyde.webp\" alt=\"Robyn Eyde\">\r\n\t\t\t\t\t\t\t<div class=\"team-content\">\r\n\t\t\t\t\t\t\t\t<div class=\"team-name\">\r\n\t\t\t\t\t\t\t\t\t<h3>Robyn Eyde<\/h3>\r\n\t\t\t\t\t\t\t\t\t\t\t\t\t\t\t\t\t\t\t<span>Pr\u00e9sident APE-EES<br \/>\r\nEN Primaire<\/span>\r\n\t\t\t\t\t\t\t\t\t\t\t\t\t\t\t\t\t<\/div>\r\n\t\t\t\t\t\t\t<\/div>\r\n\t\t\t\t\t\t<\/div>\r\n\t\t\t\t\t\t\t\t\t\t\t<div class=\"single-team-member\">\r\n\t\t\t\t\t\t\t<img decoding=\"async\" src=\"https:\/\/ape-ees.eu\/wp-content\/uploads\/2024\/03\/Luke_edited.webp\" alt=\"Luke Tilden\">\r\n\t\t\t\t\t\t\t<div class=\"team-content\">\r\n\t\t\t\t\t\t\t\t<div class=\"team-name\">\r\n\t\t\t\t\t\t\t\t\t<h3>Luke Tilden<\/h3>\r\n\t\t\t\t\t\t\t\t\t\t\t\t\t\t\t\t\t\t\t<span>Vice-pr\u00e9sident APE-EES<br \/>\r\nDE Secondaire<\/span>\r\n\t\t\t\t\t\t\t\t\t\t\t\t\t\t\t\t\t<\/div>\r\n\t\t\t\t\t\t\t<\/div>\r\n\t\t\t\t\t\t<\/div>\r\n\t\t\t\t\t\t\t\t\t\t\t<div class=\"single-team-member\">\r\n\t\t\t\t\t\t\t<img decoding=\"async\" src=\"https:\/\/ape-ees.eu\/wp-content\/uploads\/2024\/03\/IMG-20221003-WA0027_edited.webp\" alt=\"Erik Bordat\">\r\n\t\t\t\t\t\t\t<div class=\"team-content\">\r\n\t\t\t\t\t\t\t\t<div class=\"team-name\">\r\n\t\t\t\t\t\t\t\t\t<h3>Erik Bordat<\/h3>\r\n\t\t\t\t\t\t\t\t\t\t\t\t\t\t\t\t\t\t\t<span>Tr\u00e9sorier de l&rsquo;APE-EES<br \/>\r\nFR Secondaire<\/span>\r\n\t\t\t\t\t\t\t\t\t\t\t\t\t\t\t\t\t<\/div>\r\n\t\t\t\t\t\t\t<\/div>\r\n\t\t\t\t\t\t<\/div>\r\n\t\t\t\t\t\t\t\t\t\t\t<div class=\"single-team-member\">\r\n\t\t\t\t\t\t\t<img decoding=\"async\" src=\"https:\/\/ape-ees.eu\/wp-content\/uploads\/2024\/03\/IMG-20221003-WA0014_edited.webp\" alt=\"Anca Sandescu\">\r\n\t\t\t\t\t\t\t<div class=\"team-content\">\r\n\t\t\t\t\t\t\t\t<div class=\"team-name\">\r\n\t\t\t\t\t\t\t\t\t<h3>Anca Sandescu<\/h3>\r\n\t\t\t\t\t\t\t\t\t\t\t\t\t\t\t\t\t\t\t<span>Secr\u00e9taire APE-EES<br \/>\r\nEN Primaire<\/span>\r\n\t\t\t\t\t\t\t\t\t\t\t\t\t\t\t\t\t<\/div>\r\n\t\t\t\t\t\t\t<\/div>\r\n\t\t\t\t\t\t<\/div>\r\n\t\t\t\t\t\t\t\t\t\t\t<div class=\"single-team-member\">\r\n\t\t\t\t\t\t\t<img decoding=\"async\" src=\"https:\/\/ape-ees.eu\/wp-content\/uploads\/2024\/03\/jasmina.webp\" alt=\"Jasmina Aksamovic\">\r\n\t\t\t\t\t\t\t<div class=\"team-content\">\r\n\t\t\t\t\t\t\t\t<div class=\"team-name\">\r\n\t\t\t\t\t\t\t\t\t<h3>Jasmina Aksamovic<\/h3>\r\n\t\t\t\t\t\t\t\t\t\t\t\t\t\t\t\t\t\t\t<span>Vice-Tr\u00e9sorier APE-EES<br \/>\r\nFR Primaire et Secondaire<\/span>\r\n\t\t\t\t\t\t\t\t\t\t\t\t\t\t\t\t\t<\/div>\r\n\t\t\t\t\t\t\t<\/div>\r\n\t\t\t\t\t\t<\/div>\r\n\t\t\t\t\t\t\t\t\t\t\t<div class=\"single-team-member\">\r\n\t\t\t\t\t\t\t<img decoding=\"async\" src=\"https:\/\/ape-ees.eu\/wp-content\/uploads\/2024\/03\/stefan_edited.webp\" alt=\"Stefan Cozma\">\r\n\t\t\t\t\t\t\t<div class=\"team-content\">\r\n\t\t\t\t\t\t\t\t<div class=\"team-name\">\r\n\t\t\t\t\t\t\t\t\t<h3>Stefan Cozma<\/h3>\r\n\t\t\t\t\t\t\t\t\t\t\t\t\t\t\t\t\t\t\t<span>Vice-secr\u00e9taire APE-EES<br \/>\r\nEN Primaire<\/span>\r\n\t\t\t\t\t\t\t\t\t\t\t\t\t\t\t\t\t<\/div>\r\n\t\t\t\t\t\t\t<\/div>\r\n\t\t\t\t\t\t<\/div>\r\n\t\t\t\t\t\t\t\t\t\t\t<div class=\"single-team-member\">\r\n\t\t\t\t\t\t\t<img decoding=\"async\" src=\"https:\/\/ape-ees.eu\/wp-content\/uploads\/2024\/03\/IMG-20221003-WA0020.webp\" alt=\"Astrid Heidenreich Roberts\">\r\n\t\t\t\t\t\t\t<div class=\"team-content\">\r\n\t\t\t\t\t\t\t\t<div class=\"team-name\">\r\n\t\t\t\t\t\t\t\t\t<h3>Astrid Heidenreich Roberts<\/h3>\r\n\t\t\t\t\t\t\t\t\t\t\t\t\t\t\t\t\t\t\t<span>Membre APE-EES<br \/>\r\nEN Secondaire<\/span>\r\n\t\t\t\t\t\t\t\t\t\t\t\t\t\t\t\t\t<\/div>\r\n\t\t\t\t\t\t\t<\/div>\r\n\t\t\t\t\t\t<\/div>\r\n\t\t\t\t\t\t\t\t\t\t\t<div class=\"single-team-member\">\r\n\t\t\t\t\t\t\t<img decoding=\"async\" src=\"https:\/\/ape-ees.eu\/wp-content\/uploads\/Aurore-VEYS-PAUBY-305x305.jpg?crop=1\" alt=\"Aurore Veys Pauby\">\r\n\t\t\t\t\t\t\t<div class=\"team-content\">\r\n\t\t\t\t\t\t\t\t<div class=\"team-name\">\r\n\t\t\t\t\t\t\t\t\t<h3>Aurore Veys Pauby<\/h3>\r\n\t\t\t\t\t\t\t\t\t\t\t\t\t\t\t\t\t\t\t<span>Membre APE-EES<br \/>\r\nEN Primaire<\/span>\r\n\t\t\t\t\t\t\t\t\t\t\t\t\t\t\t\t\t<\/div>\r\n\t\t\t\t\t\t\t<\/div>\r\n\t\t\t\t\t\t<\/div>\r\n\t\t\t\t\t\t\t\t\t\t\t<div class=\"single-team-member\">\r\n\t\t\t\t\t\t\t<img decoding=\"async\" src=\"https:\/\/ape-ees.eu\/wp-content\/uploads\/2024\/03\/IMG-20221003-WA0013_edited.webp\" alt=\"Cl\u00e9mentine Trolong Bailly\">\r\n\t\t\t\t\t\t\t<div class=\"team-content\">\r\n\t\t\t\t\t\t\t\t<div class=\"team-name\">\r\n\t\t\t\t\t\t\t\t\t<h3>Cl\u00e9mentine Trolong Bailly<\/h3>\r\n\t\t\t\t\t\t\t\t\t\t\t\t\t\t\t\t\t\t\t<span>Membre APE-EES<br \/>\r\nFR Maternelle<\/span>\r\n\t\t\t\t\t\t\t\t\t\t\t\t\t\t\t\t\t<\/div>\r\n\t\t\t\t\t\t\t<\/div>\r\n\t\t\t\t\t\t<\/div>\r\n\t\t\t\t\t\t\t\t\t\t\t<div class=\"single-team-member\">\r\n\t\t\t\t\t\t\t<img decoding=\"async\" src=\"https:\/\/ape-ees.eu\/wp-content\/uploads\/Nicolas-WILLETT-305x305.jpg?crop=1\" alt=\"Nicolas Willett\">\r\n\t\t\t\t\t\t\t<div class=\"team-content\">\r\n\t\t\t\t\t\t\t\t<div class=\"team-name\">\r\n\t\t\t\t\t\t\t\t\t<h3>Nicolas Willett<\/h3>\r\n\t\t\t\t\t\t\t\t\t\t\t\t\t\t\t\t\t\t\t<span>Membre APE-EES<br \/>\r\nEN Primaire<\/span>\r\n\t\t\t\t\t\t\t\t\t\t\t\t\t\t\t\t\t<\/div>\r\n\t\t\t\t\t\t\t<\/div>\r\n\t\t\t\t\t\t<\/div>\r\n\t\t\t\t\t\t\t\t\t\t\t<div class=\"single-team-member\">\r\n\t\t\t\t\t\t\t<img decoding=\"async\" src=\"https:\/\/ape-ees.eu\/wp-content\/uploads\/2024\/03\/IMG-20221003-WA0025.webp\" alt=\"Marta Medlinska\">\r\n\t\t\t\t\t\t\t<div class=\"team-content\">\r\n\t\t\t\t\t\t\t\t<div class=\"team-name\">\r\n\t\t\t\t\t\t\t\t\t<h3>Marta Medlinska<\/h3>\r\n\t\t\t\t\t\t\t\t\t\t\t\t\t\t\t\t\t\t\t<span>Membre APE-EES<br \/>\r\nFR Primaire et Secondaire<\/span>\r\n\t\t\t\t\t\t\t\t\t\t\t\t\t\t\t\t\t<\/div>\r\n\t\t\t\t\t\t\t<\/div>\r\n\t\t\t\t\t\t<\/div>\r\n\t\t\t\t\t\t\t\t\t\t\t<div class=\"single-team-member\">\r\n\t\t\t\t\t\t\t<img decoding=\"async\" src=\"https:\/\/ape-ees.eu\/wp-content\/uploads\/2024\/03\/AnielloRovezzi.webp\" alt=\"Aniello Rovezzi\">\r\n\t\t\t\t\t\t\t<div class=\"team-content\">\r\n\t\t\t\t\t\t\t\t<div class=\"team-name\">\r\n\t\t\t\t\t\t\t\t\t<h3>Aniello Rovezzi<\/h3>\r\n\t\t\t\t\t\t\t\t\t\t\t\t\t\t\t\t\t\t\t<span>Membre APE-EES<br \/>\r\nEN Primaire et Secondaire<\/span>\r\n\t\t\t\t\t\t\t\t\t\t\t\t\t\t\t\t\t<\/div>\r\n\t\t\t\t\t\t\t<\/div>\r\n\t\t\t\t\t\t<\/div>\r\n\t\t\t\t\t\t\t\t\t\t\t<div class=\"single-team-member\">\r\n\t\t\t\t\t\t\t<img decoding=\"async\" src=\"https:\/\/ape-ees.eu\/wp-content\/uploads\/2024\/03\/Tamara_edited.webp\" alt=\"Tamara Kartvelishvili\">\r\n\t\t\t\t\t\t\t<div class=\"team-content\">\r\n\t\t\t\t\t\t\t\t<div class=\"team-name\">\r\n\t\t\t\t\t\t\t\t\t<h3>Tamara Kartvelishvili<\/h3>\r\n\t\t\t\t\t\t\t\t\t\t\t\t\t\t\t\t\t\t\t<span>Membre APE-EES<br \/>\r\nFR Secondaire<\/span>\r\n\t\t\t\t\t\t\t\t\t\t\t\t\t\t\t\t\t<\/div>\r\n\t\t\t\t\t\t\t<\/div>\r\n\t\t\t\t\t\t<\/div>\r\n\t\t\t\t\t\t\t\t\t\t\t<div class=\"single-team-member\">\r\n\t\t\t\t\t\t\t<img decoding=\"async\" src=\"https:\/\/ape-ees.eu\/wp-content\/uploads\/2024\/03\/tania.webp\" alt=\"Tania Braulio Vratsidas\">\r\n\t\t\t\t\t\t\t<div class=\"team-content\">\r\n\t\t\t\t\t\t\t\t<div class=\"team-name\">\r\n\t\t\t\t\t\t\t\t\t<h3>Tania Braulio Vratsidas<\/h3>\r\n\t\t\t\t\t\t\t\t\t\t\t\t\t\t\t\t\t\t\t<span>Membre APE-EES<br \/>\r\nFR Maternelle<\/span>\r\n\t\t\t\t\t\t\t\t\t\t\t\t\t\t\t\t\t<\/div>\r\n\t\t\t\t\t\t\t<\/div>\r\n\t\t\t\t\t\t<\/div>\r\n\t\t\t\t\t\t\t\t<\/div>\r\n\t\t<\/div>\r\n\t<\/section>\r\n","protected":false},"excerpt":{"rendered":"","protected":false},"author":1,"featured_media":0,"parent":0,"menu_order":0,"comment_status":"closed","ping_status":"closed","template":"","meta":{"footnotes":""},"class_list":["post-850","page","type-page","status-publish","hentry"],"acf":[],"yoast_head":"<!-- This site is optimized with the Yoast SEO plugin v27.6 - https:\/\/yoast.com\/product\/yoast-seo-wordpress\/ -->\n<title>Comit\u00e9 de direction - APE-EES, European School Strasbourg<\/title>\n<meta name=\"description\" content=\"Le r\u00f4le de l&#039;Association est de repr\u00e9senter et de prot\u00e9ger les int\u00e9r\u00eats de la famille (p\u00e9dagogiques et \u00e9ducatifs) dans l&#039;\u00e9cole.\" \/>\n<meta name=\"robots\" content=\"index, follow, max-snippet:-1, max-image-preview:large, max-video-preview:-1\" \/>\n<link rel=\"canonical\" href=\"https:\/\/ape-ees.eu\/fr\/the-board\/\" \/>\n<meta property=\"og:locale\" content=\"fr_FR\" \/>\n<meta property=\"og:type\" content=\"article\" \/>\n<meta property=\"og:title\" content=\"Comit\u00e9 de direction - APE-EES, European School Strasbourg\" \/>\n<meta property=\"og:description\" content=\"Le r\u00f4le de l&#039;Association est de repr\u00e9senter et de prot\u00e9ger les int\u00e9r\u00eats de la famille (p\u00e9dagogiques et \u00e9ducatifs) dans l&#039;\u00e9cole.\" \/>\n<meta property=\"og:url\" content=\"https:\/\/ape-ees.eu\/fr\/the-board\/\" \/>\n<meta property=\"og:site_name\" content=\"APE-EES, European School Strasbourg\" \/>\n<meta property=\"article:publisher\" content=\"https:\/\/www.facebook.com\/groups\/ape.ees\" \/>\n<meta property=\"article:modified_time\" content=\"2025-11-17T20:35:19+00:00\" \/>\n<meta property=\"og:image\" content=\"https:\/\/ape-ees.eu\/wp-content\/uploads\/2024\/03\/european-school-strasbourg.jpg\" \/>\n\t<meta property=\"og:image:width\" content=\"830\" \/>\n\t<meta property=\"og:image:height\" content=\"825\" \/>\n\t<meta property=\"og:image:type\" content=\"image\/jpeg\" \/>\n<meta name=\"twitter:card\" content=\"summary_large_image\" \/>\n<script type=\"application\/ld+json\" class=\"yoast-schema-graph\">{\"@context\":\"https:\\\/\\\/schema.org\",\"@graph\":[{\"@type\":\"WebPage\",\"@id\":\"https:\\\/\\\/ape-ees.eu\\\/fr\\\/the-board\\\/\",\"url\":\"https:\\\/\\\/ape-ees.eu\\\/fr\\\/the-board\\\/\",\"name\":\"Comit\u00e9 de direction - APE-EES, European School Strasbourg\",\"isPartOf\":{\"@id\":\"https:\\\/\\\/ape-ees.eu\\\/fr\\\/#website\"},\"datePublished\":\"2024-03-05T09:39:22+00:00\",\"dateModified\":\"2025-11-17T20:35:19+00:00\",\"description\":\"Le r\u00f4le de l'Association est de repr\u00e9senter et de prot\u00e9ger les int\u00e9r\u00eats de la famille (p\u00e9dagogiques et \u00e9ducatifs) dans l'\u00e9cole.\",\"breadcrumb\":{\"@id\":\"https:\\\/\\\/ape-ees.eu\\\/fr\\\/the-board\\\/#breadcrumb\"},\"inLanguage\":\"fr-FR\",\"potentialAction\":[{\"@type\":\"ReadAction\",\"target\":[\"https:\\\/\\\/ape-ees.eu\\\/fr\\\/the-board\\\/\"]}]},{\"@type\":\"BreadcrumbList\",\"@id\":\"https:\\\/\\\/ape-ees.eu\\\/fr\\\/the-board\\\/#breadcrumb\",\"itemListElement\":[{\"@type\":\"ListItem\",\"position\":1,\"name\":\"APE-EES\",\"item\":\"https:\\\/\\\/ape-ees.eu\\\/fr\\\/\"},{\"@type\":\"ListItem\",\"position\":2,\"name\":\"Comit\u00e9 de direction\"}]},{\"@type\":\"WebSite\",\"@id\":\"https:\\\/\\\/ape-ees.eu\\\/fr\\\/#website\",\"url\":\"https:\\\/\\\/ape-ees.eu\\\/fr\\\/\",\"name\":\"APE-EES\",\"description\":\"The Parents\u2019 Association of the European School\",\"publisher\":{\"@id\":\"https:\\\/\\\/ape-ees.eu\\\/fr\\\/#organization\"},\"alternateName\":\"European School Strasbourg\",\"potentialAction\":[{\"@type\":\"SearchAction\",\"target\":{\"@type\":\"EntryPoint\",\"urlTemplate\":\"https:\\\/\\\/ape-ees.eu\\\/fr\\\/?s={search_term_string}\"},\"query-input\":{\"@type\":\"PropertyValueSpecification\",\"valueRequired\":true,\"valueName\":\"search_term_string\"}}],\"inLanguage\":\"fr-FR\"},{\"@type\":\"Organization\",\"@id\":\"https:\\\/\\\/ape-ees.eu\\\/fr\\\/#organization\",\"name\":\"APE-EES\",\"alternateName\":\"European School Strasbourg\",\"url\":\"https:\\\/\\\/ape-ees.eu\\\/fr\\\/\",\"logo\":{\"@type\":\"ImageObject\",\"inLanguage\":\"fr-FR\",\"@id\":\"https:\\\/\\\/ape-ees.eu\\\/fr\\\/#\\\/schema\\\/logo\\\/image\\\/\",\"url\":\"https:\\\/\\\/ape-ees.webvatra.top\\\/wp-content\\\/uploads\\\/cropped-favicon-2.png\",\"contentUrl\":\"https:\\\/\\\/ape-ees.webvatra.top\\\/wp-content\\\/uploads\\\/cropped-favicon-2.png\",\"width\":512,\"height\":512,\"caption\":\"APE-EES\"},\"image\":{\"@id\":\"https:\\\/\\\/ape-ees.eu\\\/fr\\\/#\\\/schema\\\/logo\\\/image\\\/\"},\"sameAs\":[\"https:\\\/\\\/www.facebook.com\\\/groups\\\/ape.ees\",\"https:\\\/\\\/www.instagram.com\\\/ees.ape\\\/\"]}]}<\/script>\n<!-- \/ Yoast SEO plugin. -->","yoast_head_json":{"title":"Comit\u00e9 de direction - APE-EES, European School Strasbourg","description":"Le r\u00f4le de l'Association est de repr\u00e9senter et de prot\u00e9ger les int\u00e9r\u00eats de la famille (p\u00e9dagogiques et \u00e9ducatifs) dans l'\u00e9cole.","robots":{"index":"index","follow":"follow","max-snippet":"max-snippet:-1","max-image-preview":"max-image-preview:large","max-video-preview":"max-video-preview:-1"},"canonical":"https:\/\/ape-ees.eu\/fr\/the-board\/","og_locale":"fr_FR","og_type":"article","og_title":"Comit\u00e9 de direction - APE-EES, European School Strasbourg","og_description":"Le r\u00f4le de l'Association est de repr\u00e9senter et de prot\u00e9ger les int\u00e9r\u00eats de la famille (p\u00e9dagogiques et \u00e9ducatifs) dans l'\u00e9cole.","og_url":"https:\/\/ape-ees.eu\/fr\/the-board\/","og_site_name":"APE-EES, European School Strasbourg","article_publisher":"https:\/\/www.facebook.com\/groups\/ape.ees","article_modified_time":"2025-11-17T20:35:19+00:00","og_image":[{"width":830,"height":825,"url":"https:\/\/ape-ees.eu\/wp-content\/uploads\/2024\/03\/european-school-strasbourg.jpg","type":"image\/jpeg"}],"twitter_card":"summary_large_image","schema":{"@context":"https:\/\/schema.org","@graph":[{"@type":"WebPage","@id":"https:\/\/ape-ees.eu\/fr\/the-board\/","url":"https:\/\/ape-ees.eu\/fr\/the-board\/","name":"Comit\u00e9 de direction - APE-EES, European School Strasbourg","isPartOf":{"@id":"https:\/\/ape-ees.eu\/fr\/#website"},"datePublished":"2024-03-05T09:39:22+00:00","dateModified":"2025-11-17T20:35:19+00:00","description":"Le r\u00f4le de l'Association est de repr\u00e9senter et de prot\u00e9ger les int\u00e9r\u00eats de la famille (p\u00e9dagogiques et \u00e9ducatifs) dans l'\u00e9cole.","breadcrumb":{"@id":"https:\/\/ape-ees.eu\/fr\/the-board\/#breadcrumb"},"inLanguage":"fr-FR","potentialAction":[{"@type":"ReadAction","target":["https:\/\/ape-ees.eu\/fr\/the-board\/"]}]},{"@type":"BreadcrumbList","@id":"https:\/\/ape-ees.eu\/fr\/the-board\/#breadcrumb","itemListElement":[{"@type":"ListItem","position":1,"name":"APE-EES","item":"https:\/\/ape-ees.eu\/fr\/"},{"@type":"ListItem","position":2,"name":"Comit\u00e9 de direction"}]},{"@type":"WebSite","@id":"https:\/\/ape-ees.eu\/fr\/#website","url":"https:\/\/ape-ees.eu\/fr\/","name":"APE-EES","description":"The Parents\u2019 Association of the European School","publisher":{"@id":"https:\/\/ape-ees.eu\/fr\/#organization"},"alternateName":"European School Strasbourg","potentialAction":[{"@type":"SearchAction","target":{"@type":"EntryPoint","urlTemplate":"https:\/\/ape-ees.eu\/fr\/?s={search_term_string}"},"query-input":{"@type":"PropertyValueSpecification","valueRequired":true,"valueName":"search_term_string"}}],"inLanguage":"fr-FR"},{"@type":"Organization","@id":"https:\/\/ape-ees.eu\/fr\/#organization","name":"APE-EES","alternateName":"European School Strasbourg","url":"https:\/\/ape-ees.eu\/fr\/","logo":{"@type":"ImageObject","inLanguage":"fr-FR","@id":"https:\/\/ape-ees.eu\/fr\/#\/schema\/logo\/image\/","url":"https:\/\/ape-ees.webvatra.top\/wp-content\/uploads\/cropped-favicon-2.png","contentUrl":"https:\/\/ape-ees.webvatra.top\/wp-content\/uploads\/cropped-favicon-2.png","width":512,"height":512,"caption":"APE-EES"},"image":{"@id":"https:\/\/ape-ees.eu\/fr\/#\/schema\/logo\/image\/"},"sameAs":["https:\/\/www.facebook.com\/groups\/ape.ees","https:\/\/www.instagram.com\/ees.ape\/"]}]}},"jetpack_shortlink":"https:\/\/wp.me\/PfG65v-dI","jetpack_sharing_enabled":true,"_links":{"self":[{"href":"https:\/\/ape-ees.eu\/fr\/wp-json\/wp\/v2\/pages\/850","targetHints":{"allow":["GET"]}}],"collection":[{"href":"https:\/\/ape-ees.eu\/fr\/wp-json\/wp\/v2\/pages"}],"about":[{"href":"https:\/\/ape-ees.eu\/fr\/wp-json\/wp\/v2\/types\/page"}],"author":[{"embeddable":true,"href":"https:\/\/ape-ees.eu\/fr\/wp-json\/wp\/v2\/users\/1"}],"replies":[{"embeddable":true,"href":"https:\/\/ape-ees.eu\/fr\/wp-json\/wp\/v2\/comments?post=850"}],"version-history":[{"count":23,"href":"https:\/\/ape-ees.eu\/fr\/wp-json\/wp\/v2\/pages\/850\/revisions"}],"predecessor-version":[{"id":5304,"href":"https:\/\/ape-ees.eu\/fr\/wp-json\/wp\/v2\/pages\/850\/revisions\/5304"}],"wp:attachment":[{"href":"https:\/\/ape-ees.eu\/fr\/wp-json\/wp\/v2\/media?parent=850"}],"curies":[{"name":"wp","href":"https:\/\/api.w.org\/{rel}","templated":true}]}}