{"id":846,"date":"2024-03-05T10:42:30","date_gmt":"2024-03-05T09:42:30","guid":{"rendered":"https:\/\/ape-ees.eu\/join-ape-ees\/"},"modified":"2026-04-22T16:31:18","modified_gmt":"2026-04-22T14:31:18","slug":"join-ape-ees","status":"publish","type":"page","link":"https:\/\/ape-ees.eu\/fr\/join-ape-ees\/","title":{"rendered":"Rejoindre APE-EES"},"content":{"rendered":"<section class=\"page-title-area\">\r\n\t<div class=\"container\">\r\n\t\t<div class=\"page-title-content\">\r\n\t\t\t<h1>Rejoindre APE-EES<\/h1><div class=\"breadcrumbs\"><span><span><a href=\"https:\/\/ape-ees.eu\/fr\/\">APE-EES<\/a><\/span><\/span><\/div>\t\t<\/div>\r\n\t<\/div>\r\n\t<\/section>\n\n\t<section class=\"campus-experiences-area ptb-100\">\r\n\t\t<div class=\"container\">\r\n\t\t\t<div class=\"main-default-content\">\r\n\t\t\t\t<h2>Adh\u00e9sion<\/h2>\n<p>L&rsquo;EES APE vous remercie d&rsquo;avoir rejoint l&rsquo;association pour soutenir ses actions.<\/p>\n<p>L&rsquo;adh\u00e9sion est ouverte aux familles ayant au moins un enfant fr\u00e9quentant l&rsquo;EES.<br \/>\nCette adh\u00e9sion est la seule ressource financi\u00e8re de l&rsquo;association (aucune aide financi\u00e8re n&rsquo;est re\u00e7ue d&rsquo;aucun organisme) et nous permet de proposer \u00e0 nos membres des services et des projets li\u00e9s \u00e0 la vie de l&rsquo;\u00e9cole.<\/p>\n<p>La cotisation est annuelle : 20\u20ac par famille.<\/p>\n<ul>\n<li>Elle donne droit \u00e0 l&rsquo;ensemble des prestations fournies par l&rsquo;APE-EES y compris celles d\u00e9l\u00e9gu\u00e9es au prestataire UFCV.<\/li>\n<li>L&rsquo;UFCV fournit les services suivants :<\/li>\n<li>P\u00e9riscolaire et activit\u00e9 suppl\u00e9mentaire (Maternelle et primaire)<\/li>\n<li>Lunchbox (maternelle, primaire, secondaire)<\/li>\n<\/ul>\n<p>P\u00f4le p\u00e9riscolaire les mercredis apr\u00e8s-midi et pendant les vacances scolaires (maternelle et primaire)<br \/>\n\u200b<br \/>\n\u200b<\/p>\n<h3>Proc\u00e9dure d&rsquo;adh\u00e9sion \u00e0 l&rsquo;APE-EES :<\/h3>\n<ul>\n<li>Entrez les informations de votre famille<\/li>\n<li>Paiement de la cotisation annuelle de 20\u20ac<\/li>\n<li>Identifiants de connexion APE-EES envoy\u00e9s par email (utilis\u00e9s lors du processus de paiement)<\/li>\n<li>Via la plateforme HelloAsso<\/li>\n<li>Une contribution facultative \u00e0 la plateforme HelloAsso est propos\u00e9e<\/li>\n<li>Lien vers <a href=\"https:\/\/portail-animation.ufcv.fr\/ecole-europenne-strasbourg\/\">le site de l&rsquo;UFCV<\/a> pour information (Plateforme nationale)<\/li>\n<li><em><strong>PS : l&rsquo;adresse email et le nom\/pr\u00e9nom des parents, utilis\u00e9s pour remplir le formulaire, doivent \u00eatre les m\u00eames que ceux utilis\u00e9s pour payer sur HelloAsso, s&rsquo;il vous pla\u00eet !<\/strong><\/em><\/li>\n<\/ul>\n<p><a class=\"default-btn\" href=\"https:\/\/www.helloasso.com\/associations\/ape-ees\/adhesions\/adhesion-ape-ees-annee-scolaire-2026-2027\">Adh\u00e9sion annuelle<\/a><\/p>\n<h3>Pour les familles souhaitant inscrire leurs enfants aux services offerts par l&rsquo;UFCV ((garderie, Lunchbox, centre d\u2019activit\u00e9s p\u00e9riscolaires, centre d\u2019activit\u00e9s de vacances) :<\/h3>\n<ul>\n<li>Pour les familles d\u00e9j\u00e0 inscrites aux services de l&rsquo;UFCV l&rsquo;ann\u00e9e pr\u00e9c\u00e9dente<\/li>\n<\/ul>\n<p>&#8211; Payer votre cotisation annuelle pour votre adh\u00e9sion \u00e0 l&rsquo;APE-EES<\/p>\n<p>&#8211; Renvoyez par email \u00e0 l&rsquo;UFCV le formulaire d&rsquo;inscription pr\u00e9-rempli que l&rsquo;UFCV vous a envoy\u00e9 en juin, \u00e0 compl\u00e9ter avec les informations mise \u00e0 jour<\/p>\n<p>&#8211; L&rsquo;UFCV vous r\u00e9pondra par mail pour valider le dossier d&rsquo;inscription<\/p>\n<p>&#8211; La famille doit valider l&rsquo;inscription en se connectant sur le site de l&rsquo;UFCV (login fourni par l&rsquo;UFCV) : <a href=\"https:\/\/portail-animation.ufcv.fr\/ecole-europenne-strasbourg\/\u200b\">https:\/\/portail-animation.ufcv.fr\/ecole-europenne-strasbourg\/\u200b<\/a><\/p>\n<ul>\n<li>Si vous vous inscrivez \u00e0 l&rsquo;UFCV pour la premi\u00e8re fois :<\/li>\n<\/ul>\n<p>&#8211; Payer votre cotisation annuelle pour votre adh\u00e9sion \u00e0 l&rsquo;APE-EES<\/p>\n<p>&#8211; T\u00e9l\u00e9chargez le dossier d&rsquo;inscription sur le site de l&rsquo;UFCV : <a href=\"https:\/\/portail-animation.ufcv.fr\/ecole-europenne-strasbourg\/\u200b\">https:\/\/portail-animation.ufcv.fr\/ecole-europenne-strasbourg\/\u200b<\/a><\/p>\n<p>&#8211; Renvoyez le fichier \u00e0 l&rsquo;UFCV<\/p>\n<p>&#8211; L&rsquo;UFCV r\u00e9pondra pour valider le dossier d&rsquo;inscription<\/p>\n<p>&#8211; La famille doit valider l&rsquo;inscription en se connectant sur le site de l&rsquo;UFCV (login fourni par l&rsquo;UFCV) : <a href=\"https:\/\/portail-animation.ufcv.fr\/ecole-europenne-strasbourg\/\">https:\/\/portail-animation.ufcv.fr\/ecole-europenne-strasbourg\/<\/a><\/p>\n\t\t\t<\/div>\r\n\t\t<\/div>\r\n\t<\/section>\r\n","protected":false},"excerpt":{"rendered":"","protected":false},"author":1,"featured_media":0,"parent":0,"menu_order":0,"comment_status":"closed","ping_status":"closed","template":"","meta":{"footnotes":""},"class_list":["post-846","page","type-page","status-publish","hentry"],"acf":[],"yoast_head":"<!-- This site is optimized with the Yoast SEO plugin v27.6 - https:\/\/yoast.com\/product\/yoast-seo-wordpress\/ -->\n<title>Rejoindre APE-EES - APE-EES, European School Strasbourg<\/title>\n<meta name=\"description\" content=\"Rejoindre APE-EES. L&#039;adh\u00e9sion est ouverte aux familles ayant au moins un enfant fr\u00e9quentant l&#039;EES, de l\u2019\u00e9cole europ\u00e9enne.\" \/>\n<meta name=\"robots\" content=\"index, follow, max-snippet:-1, max-image-preview:large, max-video-preview:-1\" \/>\n<link rel=\"canonical\" href=\"https:\/\/ape-ees.eu\/fr\/join-ape-ees\/\" \/>\n<meta property=\"og:locale\" content=\"fr_FR\" \/>\n<meta property=\"og:type\" content=\"article\" \/>\n<meta property=\"og:title\" content=\"Rejoindre APE-EES - APE-EES, European School Strasbourg\" \/>\n<meta property=\"og:description\" content=\"Rejoindre APE-EES. L&#039;adh\u00e9sion est ouverte aux familles ayant au moins un enfant fr\u00e9quentant l&#039;EES, de l\u2019\u00e9cole europ\u00e9enne.\" \/>\n<meta property=\"og:url\" content=\"https:\/\/ape-ees.eu\/fr\/join-ape-ees\/\" \/>\n<meta property=\"og:site_name\" content=\"APE-EES, European School Strasbourg\" \/>\n<meta property=\"article:publisher\" content=\"https:\/\/www.facebook.com\/groups\/ape.ees\" \/>\n<meta property=\"article:modified_time\" content=\"2026-04-22T14:31:18+00:00\" \/>\n<meta property=\"og:image\" content=\"https:\/\/ape-ees.eu\/wp-content\/uploads\/2024\/03\/european-school-strasbourg.jpg\" \/>\n\t<meta property=\"og:image:width\" content=\"830\" \/>\n\t<meta property=\"og:image:height\" content=\"825\" \/>\n\t<meta property=\"og:image:type\" content=\"image\/jpeg\" \/>\n<meta name=\"twitter:card\" content=\"summary_large_image\" \/>\n<script type=\"application\/ld+json\" class=\"yoast-schema-graph\">{\"@context\":\"https:\\\/\\\/schema.org\",\"@graph\":[{\"@type\":\"WebPage\",\"@id\":\"https:\\\/\\\/ape-ees.eu\\\/fr\\\/join-ape-ees\\\/\",\"url\":\"https:\\\/\\\/ape-ees.eu\\\/fr\\\/join-ape-ees\\\/\",\"name\":\"Rejoindre APE-EES - APE-EES, European School Strasbourg\",\"isPartOf\":{\"@id\":\"https:\\\/\\\/ape-ees.eu\\\/fr\\\/#website\"},\"datePublished\":\"2024-03-05T09:42:30+00:00\",\"dateModified\":\"2026-04-22T14:31:18+00:00\",\"description\":\"Rejoindre APE-EES. L'adh\u00e9sion est ouverte aux familles ayant au moins un enfant fr\u00e9quentant l'EES, de l\u2019\u00e9cole europ\u00e9enne.\",\"breadcrumb\":{\"@id\":\"https:\\\/\\\/ape-ees.eu\\\/fr\\\/join-ape-ees\\\/#breadcrumb\"},\"inLanguage\":\"fr-FR\",\"potentialAction\":[{\"@type\":\"ReadAction\",\"target\":[\"https:\\\/\\\/ape-ees.eu\\\/fr\\\/join-ape-ees\\\/\"]}]},{\"@type\":\"BreadcrumbList\",\"@id\":\"https:\\\/\\\/ape-ees.eu\\\/fr\\\/join-ape-ees\\\/#breadcrumb\",\"itemListElement\":[{\"@type\":\"ListItem\",\"position\":1,\"name\":\"APE-EES\",\"item\":\"https:\\\/\\\/ape-ees.eu\\\/fr\\\/\"},{\"@type\":\"ListItem\",\"position\":2,\"name\":\"Rejoindre APE-EES\"}]},{\"@type\":\"WebSite\",\"@id\":\"https:\\\/\\\/ape-ees.eu\\\/fr\\\/#website\",\"url\":\"https:\\\/\\\/ape-ees.eu\\\/fr\\\/\",\"name\":\"APE-EES\",\"description\":\"The Parents\u2019 Association of the European School\",\"publisher\":{\"@id\":\"https:\\\/\\\/ape-ees.eu\\\/fr\\\/#organization\"},\"alternateName\":\"European School Strasbourg\",\"potentialAction\":[{\"@type\":\"SearchAction\",\"target\":{\"@type\":\"EntryPoint\",\"urlTemplate\":\"https:\\\/\\\/ape-ees.eu\\\/fr\\\/?s={search_term_string}\"},\"query-input\":{\"@type\":\"PropertyValueSpecification\",\"valueRequired\":true,\"valueName\":\"search_term_string\"}}],\"inLanguage\":\"fr-FR\"},{\"@type\":\"Organization\",\"@id\":\"https:\\\/\\\/ape-ees.eu\\\/fr\\\/#organization\",\"name\":\"APE-EES\",\"alternateName\":\"European School Strasbourg\",\"url\":\"https:\\\/\\\/ape-ees.eu\\\/fr\\\/\",\"logo\":{\"@type\":\"ImageObject\",\"inLanguage\":\"fr-FR\",\"@id\":\"https:\\\/\\\/ape-ees.eu\\\/fr\\\/#\\\/schema\\\/logo\\\/image\\\/\",\"url\":\"https:\\\/\\\/ape-ees.webvatra.top\\\/wp-content\\\/uploads\\\/cropped-favicon-2.png\",\"contentUrl\":\"https:\\\/\\\/ape-ees.webvatra.top\\\/wp-content\\\/uploads\\\/cropped-favicon-2.png\",\"width\":512,\"height\":512,\"caption\":\"APE-EES\"},\"image\":{\"@id\":\"https:\\\/\\\/ape-ees.eu\\\/fr\\\/#\\\/schema\\\/logo\\\/image\\\/\"},\"sameAs\":[\"https:\\\/\\\/www.facebook.com\\\/groups\\\/ape.ees\",\"https:\\\/\\\/www.instagram.com\\\/ees.ape\\\/\"]}]}<\/script>\n<!-- \/ Yoast SEO plugin. -->","yoast_head_json":{"title":"Rejoindre APE-EES - APE-EES, European School Strasbourg","description":"Rejoindre APE-EES. L'adh\u00e9sion est ouverte aux familles ayant au moins un enfant fr\u00e9quentant l'EES, de l\u2019\u00e9cole europ\u00e9enne.","robots":{"index":"index","follow":"follow","max-snippet":"max-snippet:-1","max-image-preview":"max-image-preview:large","max-video-preview":"max-video-preview:-1"},"canonical":"https:\/\/ape-ees.eu\/fr\/join-ape-ees\/","og_locale":"fr_FR","og_type":"article","og_title":"Rejoindre APE-EES - APE-EES, European School Strasbourg","og_description":"Rejoindre APE-EES. L'adh\u00e9sion est ouverte aux familles ayant au moins un enfant fr\u00e9quentant l'EES, de l\u2019\u00e9cole europ\u00e9enne.","og_url":"https:\/\/ape-ees.eu\/fr\/join-ape-ees\/","og_site_name":"APE-EES, European School Strasbourg","article_publisher":"https:\/\/www.facebook.com\/groups\/ape.ees","article_modified_time":"2026-04-22T14:31:18+00:00","og_image":[{"width":830,"height":825,"url":"https:\/\/ape-ees.eu\/wp-content\/uploads\/2024\/03\/european-school-strasbourg.jpg","type":"image\/jpeg"}],"twitter_card":"summary_large_image","schema":{"@context":"https:\/\/schema.org","@graph":[{"@type":"WebPage","@id":"https:\/\/ape-ees.eu\/fr\/join-ape-ees\/","url":"https:\/\/ape-ees.eu\/fr\/join-ape-ees\/","name":"Rejoindre APE-EES - APE-EES, European School Strasbourg","isPartOf":{"@id":"https:\/\/ape-ees.eu\/fr\/#website"},"datePublished":"2024-03-05T09:42:30+00:00","dateModified":"2026-04-22T14:31:18+00:00","description":"Rejoindre APE-EES. L'adh\u00e9sion est ouverte aux familles ayant au moins un enfant fr\u00e9quentant l'EES, de l\u2019\u00e9cole europ\u00e9enne.","breadcrumb":{"@id":"https:\/\/ape-ees.eu\/fr\/join-ape-ees\/#breadcrumb"},"inLanguage":"fr-FR","potentialAction":[{"@type":"ReadAction","target":["https:\/\/ape-ees.eu\/fr\/join-ape-ees\/"]}]},{"@type":"BreadcrumbList","@id":"https:\/\/ape-ees.eu\/fr\/join-ape-ees\/#breadcrumb","itemListElement":[{"@type":"ListItem","position":1,"name":"APE-EES","item":"https:\/\/ape-ees.eu\/fr\/"},{"@type":"ListItem","position":2,"name":"Rejoindre APE-EES"}]},{"@type":"WebSite","@id":"https:\/\/ape-ees.eu\/fr\/#website","url":"https:\/\/ape-ees.eu\/fr\/","name":"APE-EES","description":"The Parents\u2019 Association of the European School","publisher":{"@id":"https:\/\/ape-ees.eu\/fr\/#organization"},"alternateName":"European School Strasbourg","potentialAction":[{"@type":"SearchAction","target":{"@type":"EntryPoint","urlTemplate":"https:\/\/ape-ees.eu\/fr\/?s={search_term_string}"},"query-input":{"@type":"PropertyValueSpecification","valueRequired":true,"valueName":"search_term_string"}}],"inLanguage":"fr-FR"},{"@type":"Organization","@id":"https:\/\/ape-ees.eu\/fr\/#organization","name":"APE-EES","alternateName":"European School Strasbourg","url":"https:\/\/ape-ees.eu\/fr\/","logo":{"@type":"ImageObject","inLanguage":"fr-FR","@id":"https:\/\/ape-ees.eu\/fr\/#\/schema\/logo\/image\/","url":"https:\/\/ape-ees.webvatra.top\/wp-content\/uploads\/cropped-favicon-2.png","contentUrl":"https:\/\/ape-ees.webvatra.top\/wp-content\/uploads\/cropped-favicon-2.png","width":512,"height":512,"caption":"APE-EES"},"image":{"@id":"https:\/\/ape-ees.eu\/fr\/#\/schema\/logo\/image\/"},"sameAs":["https:\/\/www.facebook.com\/groups\/ape.ees","https:\/\/www.instagram.com\/ees.ape\/"]}]}},"jetpack_shortlink":"https:\/\/wp.me\/PfG65v-dE","jetpack_sharing_enabled":true,"_links":{"self":[{"href":"https:\/\/ape-ees.eu\/fr\/wp-json\/wp\/v2\/pages\/846","targetHints":{"allow":["GET"]}}],"collection":[{"href":"https:\/\/ape-ees.eu\/fr\/wp-json\/wp\/v2\/pages"}],"about":[{"href":"https:\/\/ape-ees.eu\/fr\/wp-json\/wp\/v2\/types\/page"}],"author":[{"embeddable":true,"href":"https:\/\/ape-ees.eu\/fr\/wp-json\/wp\/v2\/users\/1"}],"replies":[{"embeddable":true,"href":"https:\/\/ape-ees.eu\/fr\/wp-json\/wp\/v2\/comments?post=846"}],"version-history":[{"count":46,"href":"https:\/\/ape-ees.eu\/fr\/wp-json\/wp\/v2\/pages\/846\/revisions"}],"predecessor-version":[{"id":5891,"href":"https:\/\/ape-ees.eu\/fr\/wp-json\/wp\/v2\/pages\/846\/revisions\/5891"}],"wp:attachment":[{"href":"https:\/\/ape-ees.eu\/fr\/wp-json\/wp\/v2\/media?parent=846"}],"curies":[{"name":"wp","href":"https:\/\/api.w.org\/{rel}","templated":true}]}}