{"id":842,"date":"2024-03-05T10:43:29","date_gmt":"2024-03-05T09:43:29","guid":{"rendered":"https:\/\/ape-ees.eu\/periscolaire\/"},"modified":"2024-06-07T13:46:48","modified_gmt":"2024-06-07T11:46:48","slug":"periscolaire","status":"publish","type":"page","link":"https:\/\/ape-ees.eu\/fr\/periscolaire\/","title":{"rendered":"Periscolaire"},"content":{"rendered":"<section class=\"page-title-area\">\r\n\t<div class=\"container\">\r\n\t\t<div class=\"page-title-content\">\r\n\t\t\t<h1>P\u00e9riscolaire<\/h1><div class=\"breadcrumbs\"><span><span><a href=\"https:\/\/ape-ees.eu\/fr\/\">APE-EES<\/a><\/span><\/span><\/div>\t\t<\/div>\r\n\t<\/div>\r\n\t<\/section>\n\n\t<section class=\"campus-experiences-area ptb-100\">\r\n\t\t<div class=\"container\">\r\n\t\t\t<div class=\"main-default-content\">\r\n\t\t\t\t<h2>P\u00e9riscolaire<\/h2>\n<p><span style=\"font-weight: 400;\">Les membres de l&rsquo;APE-EES ont la possibilit\u00e9 d&rsquo;inscrire leurs enfants aux activit\u00e9s p\u00e9riscolaires organis\u00e9es \u00e0 l&rsquo;\u00e9cole. L&rsquo;APE a confi\u00e9 \u00e0 l&rsquo;UFCV les activit\u00e9s extrascolaires (p\u00e9riscolaires) des enfants de l&rsquo;\u00e9cole maternelle et primaire. Pour plus d&rsquo;informations, suivez le lien ci-dessous.<\/span><\/p>\n\t\t\t\t\t\t\t\t\t<div class=\"course-odf-bg\">\r\n\t\t\t\t\t\t\t\t\t\t<div class=\"row align-items-center\">\r\n\t\t\t\t\t\t\t\t\t\t\t<div class=\"col-lg-6\">\r\n\t\t\t\t\t\t\t\t\t\t\t\t<div class=\"course-pdf\">\r\n\t\t\t\t\t\t\t\t\t\t\t\t\t<i class=\"ri-file-pdf-line\"><\/i>\r\n\t\t\t\t\t\t\t\t\t\t\t\t\t<h3>Plus d&rsquo;infos ( site UFCV)<\/h3>\r\n\t\t\t\t\t\t\t\t\t\t\t\t<\/div>\r\n\t\t\t\t\t\t\t\t\t\t\t<\/div>\r\n\t\t\t\t\t\t\t\t\t\t\t<div class=\"col-lg-6\">\r\n\t\t\t\t\t\t\t\t\t\t\t\t<div class=\"download-pdf\">\r\n\t\t\t\t\t\t\t\t\t\t\t\t\t\t\t\t\t\t\t\t\t\t\t\t\t\t\t\t\t\t<a href=\"https:\/\/portail-animation.ufcv.fr\/ecole-europenne-strasbourg\/\" class=\"default-btn\" target=\"_blank\">Visitez le site<i class=\"ri-arrow-right-line\"><\/i><\/a>\r\n\t\t\t\t\t\t\t\t\t\t\t\t\t\t\t\t\t\t\t\t\t\t\t\t\t\t\t\t<\/div>\r\n\t\t\t\t\t\t\t\t\t\t\t<\/div>\r\n\t\t\t\t\t\t\t\t\t\t<\/div>\r\n\t\t\t\t\t\t\t\t\t<\/div>\r\n\t\t\t\t\t\t\t\t\t\t\t<\/div>\r\n\t\t<\/div>\r\n\t<\/section>\r\n","protected":false},"excerpt":{"rendered":"","protected":false},"author":1,"featured_media":0,"parent":0,"menu_order":0,"comment_status":"closed","ping_status":"closed","template":"","meta":{"footnotes":""},"class_list":["post-842","page","type-page","status-publish","hentry"],"acf":[],"yoast_head":"<!-- This site is optimized with the Yoast SEO plugin v27.6 - https:\/\/yoast.com\/product\/yoast-seo-wordpress\/ -->\n<title>Periscolaire - APE-EES, European School Strasbourg<\/title>\n<meta name=\"robots\" content=\"index, follow, max-snippet:-1, max-image-preview:large, max-video-preview:-1\" \/>\n<link rel=\"canonical\" href=\"https:\/\/ape-ees.eu\/fr\/periscolaire\/\" \/>\n<meta property=\"og:locale\" content=\"fr_FR\" \/>\n<meta property=\"og:type\" content=\"article\" \/>\n<meta property=\"og:title\" content=\"Periscolaire - APE-EES, European School Strasbourg\" \/>\n<meta property=\"og:url\" content=\"https:\/\/ape-ees.eu\/fr\/periscolaire\/\" \/>\n<meta property=\"og:site_name\" content=\"APE-EES, European School Strasbourg\" \/>\n<meta property=\"article:publisher\" content=\"https:\/\/www.facebook.com\/groups\/ape.ees\" \/>\n<meta property=\"article:modified_time\" content=\"2024-06-07T11:46:48+00:00\" \/>\n<meta property=\"og:image\" content=\"https:\/\/ape-ees.eu\/wp-content\/uploads\/2024\/03\/european-school-strasbourg.jpg\" \/>\n\t<meta property=\"og:image:width\" content=\"830\" \/>\n\t<meta property=\"og:image:height\" content=\"825\" \/>\n\t<meta property=\"og:image:type\" content=\"image\/jpeg\" \/>\n<meta name=\"twitter:card\" content=\"summary_large_image\" \/>\n<script type=\"application\/ld+json\" class=\"yoast-schema-graph\">{\"@context\":\"https:\\\/\\\/schema.org\",\"@graph\":[{\"@type\":\"WebPage\",\"@id\":\"https:\\\/\\\/ape-ees.eu\\\/fr\\\/periscolaire\\\/\",\"url\":\"https:\\\/\\\/ape-ees.eu\\\/fr\\\/periscolaire\\\/\",\"name\":\"Periscolaire - APE-EES, European School Strasbourg\",\"isPartOf\":{\"@id\":\"https:\\\/\\\/ape-ees.eu\\\/fr\\\/#website\"},\"datePublished\":\"2024-03-05T09:43:29+00:00\",\"dateModified\":\"2024-06-07T11:46:48+00:00\",\"breadcrumb\":{\"@id\":\"https:\\\/\\\/ape-ees.eu\\\/fr\\\/periscolaire\\\/#breadcrumb\"},\"inLanguage\":\"fr-FR\",\"potentialAction\":[{\"@type\":\"ReadAction\",\"target\":[\"https:\\\/\\\/ape-ees.eu\\\/fr\\\/periscolaire\\\/\"]}]},{\"@type\":\"BreadcrumbList\",\"@id\":\"https:\\\/\\\/ape-ees.eu\\\/fr\\\/periscolaire\\\/#breadcrumb\",\"itemListElement\":[{\"@type\":\"ListItem\",\"position\":1,\"name\":\"APE-EES\",\"item\":\"https:\\\/\\\/ape-ees.eu\\\/fr\\\/\"},{\"@type\":\"ListItem\",\"position\":2,\"name\":\"Periscolaire\"}]},{\"@type\":\"WebSite\",\"@id\":\"https:\\\/\\\/ape-ees.eu\\\/fr\\\/#website\",\"url\":\"https:\\\/\\\/ape-ees.eu\\\/fr\\\/\",\"name\":\"APE-EES\",\"description\":\"The Parents\u2019 Association of the European School\",\"publisher\":{\"@id\":\"https:\\\/\\\/ape-ees.eu\\\/fr\\\/#organization\"},\"alternateName\":\"European School Strasbourg\",\"potentialAction\":[{\"@type\":\"SearchAction\",\"target\":{\"@type\":\"EntryPoint\",\"urlTemplate\":\"https:\\\/\\\/ape-ees.eu\\\/fr\\\/?s={search_term_string}\"},\"query-input\":{\"@type\":\"PropertyValueSpecification\",\"valueRequired\":true,\"valueName\":\"search_term_string\"}}],\"inLanguage\":\"fr-FR\"},{\"@type\":\"Organization\",\"@id\":\"https:\\\/\\\/ape-ees.eu\\\/fr\\\/#organization\",\"name\":\"APE-EES\",\"alternateName\":\"European School Strasbourg\",\"url\":\"https:\\\/\\\/ape-ees.eu\\\/fr\\\/\",\"logo\":{\"@type\":\"ImageObject\",\"inLanguage\":\"fr-FR\",\"@id\":\"https:\\\/\\\/ape-ees.eu\\\/fr\\\/#\\\/schema\\\/logo\\\/image\\\/\",\"url\":\"https:\\\/\\\/ape-ees.webvatra.top\\\/wp-content\\\/uploads\\\/cropped-favicon-2.png\",\"contentUrl\":\"https:\\\/\\\/ape-ees.webvatra.top\\\/wp-content\\\/uploads\\\/cropped-favicon-2.png\",\"width\":512,\"height\":512,\"caption\":\"APE-EES\"},\"image\":{\"@id\":\"https:\\\/\\\/ape-ees.eu\\\/fr\\\/#\\\/schema\\\/logo\\\/image\\\/\"},\"sameAs\":[\"https:\\\/\\\/www.facebook.com\\\/groups\\\/ape.ees\",\"https:\\\/\\\/www.instagram.com\\\/ees.ape\\\/\"]}]}<\/script>\n<!-- \/ Yoast SEO plugin. -->","yoast_head_json":{"title":"Periscolaire - APE-EES, European School Strasbourg","robots":{"index":"index","follow":"follow","max-snippet":"max-snippet:-1","max-image-preview":"max-image-preview:large","max-video-preview":"max-video-preview:-1"},"canonical":"https:\/\/ape-ees.eu\/fr\/periscolaire\/","og_locale":"fr_FR","og_type":"article","og_title":"Periscolaire - APE-EES, European School Strasbourg","og_url":"https:\/\/ape-ees.eu\/fr\/periscolaire\/","og_site_name":"APE-EES, European School Strasbourg","article_publisher":"https:\/\/www.facebook.com\/groups\/ape.ees","article_modified_time":"2024-06-07T11:46:48+00:00","og_image":[{"width":830,"height":825,"url":"https:\/\/ape-ees.eu\/wp-content\/uploads\/2024\/03\/european-school-strasbourg.jpg","type":"image\/jpeg"}],"twitter_card":"summary_large_image","schema":{"@context":"https:\/\/schema.org","@graph":[{"@type":"WebPage","@id":"https:\/\/ape-ees.eu\/fr\/periscolaire\/","url":"https:\/\/ape-ees.eu\/fr\/periscolaire\/","name":"Periscolaire - APE-EES, European School Strasbourg","isPartOf":{"@id":"https:\/\/ape-ees.eu\/fr\/#website"},"datePublished":"2024-03-05T09:43:29+00:00","dateModified":"2024-06-07T11:46:48+00:00","breadcrumb":{"@id":"https:\/\/ape-ees.eu\/fr\/periscolaire\/#breadcrumb"},"inLanguage":"fr-FR","potentialAction":[{"@type":"ReadAction","target":["https:\/\/ape-ees.eu\/fr\/periscolaire\/"]}]},{"@type":"BreadcrumbList","@id":"https:\/\/ape-ees.eu\/fr\/periscolaire\/#breadcrumb","itemListElement":[{"@type":"ListItem","position":1,"name":"APE-EES","item":"https:\/\/ape-ees.eu\/fr\/"},{"@type":"ListItem","position":2,"name":"Periscolaire"}]},{"@type":"WebSite","@id":"https:\/\/ape-ees.eu\/fr\/#website","url":"https:\/\/ape-ees.eu\/fr\/","name":"APE-EES","description":"The Parents\u2019 Association of the European School","publisher":{"@id":"https:\/\/ape-ees.eu\/fr\/#organization"},"alternateName":"European School Strasbourg","potentialAction":[{"@type":"SearchAction","target":{"@type":"EntryPoint","urlTemplate":"https:\/\/ape-ees.eu\/fr\/?s={search_term_string}"},"query-input":{"@type":"PropertyValueSpecification","valueRequired":true,"valueName":"search_term_string"}}],"inLanguage":"fr-FR"},{"@type":"Organization","@id":"https:\/\/ape-ees.eu\/fr\/#organization","name":"APE-EES","alternateName":"European School Strasbourg","url":"https:\/\/ape-ees.eu\/fr\/","logo":{"@type":"ImageObject","inLanguage":"fr-FR","@id":"https:\/\/ape-ees.eu\/fr\/#\/schema\/logo\/image\/","url":"https:\/\/ape-ees.webvatra.top\/wp-content\/uploads\/cropped-favicon-2.png","contentUrl":"https:\/\/ape-ees.webvatra.top\/wp-content\/uploads\/cropped-favicon-2.png","width":512,"height":512,"caption":"APE-EES"},"image":{"@id":"https:\/\/ape-ees.eu\/fr\/#\/schema\/logo\/image\/"},"sameAs":["https:\/\/www.facebook.com\/groups\/ape.ees","https:\/\/www.instagram.com\/ees.ape\/"]}]}},"jetpack_shortlink":"https:\/\/wp.me\/PfG65v-dA","jetpack_sharing_enabled":true,"_links":{"self":[{"href":"https:\/\/ape-ees.eu\/fr\/wp-json\/wp\/v2\/pages\/842","targetHints":{"allow":["GET"]}}],"collection":[{"href":"https:\/\/ape-ees.eu\/fr\/wp-json\/wp\/v2\/pages"}],"about":[{"href":"https:\/\/ape-ees.eu\/fr\/wp-json\/wp\/v2\/types\/page"}],"author":[{"embeddable":true,"href":"https:\/\/ape-ees.eu\/fr\/wp-json\/wp\/v2\/users\/1"}],"replies":[{"embeddable":true,"href":"https:\/\/ape-ees.eu\/fr\/wp-json\/wp\/v2\/comments?post=842"}],"version-history":[{"count":5,"href":"https:\/\/ape-ees.eu\/fr\/wp-json\/wp\/v2\/pages\/842\/revisions"}],"predecessor-version":[{"id":2343,"href":"https:\/\/ape-ees.eu\/fr\/wp-json\/wp\/v2\/pages\/842\/revisions\/2343"}],"wp:attachment":[{"href":"https:\/\/ape-ees.eu\/fr\/wp-json\/wp\/v2\/media?parent=842"}],"curies":[{"name":"wp","href":"https:\/\/api.w.org\/{rel}","templated":true}]}}