{"id":847,"date":"2024-03-05T10:42:30","date_gmt":"2024-03-05T09:42:30","guid":{"rendered":"https:\/\/ape-ees.eu\/join-ape-ees\/"},"modified":"2026-04-22T16:33:38","modified_gmt":"2026-04-22T14:33:38","slug":"join-ape-ees","status":"publish","type":"page","link":"https:\/\/ape-ees.eu\/de\/join-ape-ees\/","title":{"rendered":"Join APE-EES"},"content":{"rendered":"<section class=\"page-title-area\">\r\n\t<div class=\"container\">\r\n\t\t<div class=\"page-title-content\">\r\n\t\t\t<h1> Treten Sie APE-EES<\/h1><div class=\"breadcrumbs\"><span><span><a href=\"https:\/\/ape-ees.eu\/de\/\">APE-EES<\/a><\/span><\/span><\/div>\t\t<\/div>\r\n\t<\/div>\r\n\t<\/section>\n\n\t<section class=\"campus-experiences-area ptb-100\">\r\n\t\t<div class=\"container\">\r\n\t\t\t<div class=\"main-default-content\">\r\n\t\t\t\t<h2>Mitgliedschaft<\/h2>\n<p class=\"font_7 wixui-rich-text__text\">Die APE-EES dankt Ihnen, dass Sie dem Verein beigetreten sind, um seine Aktionen zu unterst\u00fctzen.<br class=\"wixui-rich-text__text\" \/>Die Mitgliedschaft ist offen f\u00fcr Familien mit mindestens einem Kind, das die EES besucht.<br class=\"wixui-rich-text__text\" \/>Diese Mitgliedschaft ist die einzige finanzielle Ressource des Vereins (wir erhalten keine finanzielle Unterst\u00fctzung von irgendeiner Organisation) und erm\u00f6glicht es uns, unseren Mitgliedern Dienstleistungen und Projekte anzubieten, die mit dem Leben der Schule zusammenh\u00e4ngen.<br class=\"wixui-rich-text__text\" \/>Die Mitgliedschaft betr\u00e4gt j\u00e4hrlich: 20\u20ac pro Familie.<\/p>\n<p class=\"font_7 wixui-rich-text__text\">Sie berechtigt das Mitglied zur Inanspruchnahme aller Leistungen der APE-EES einschlie\u00dflich der an den Dienstleister UFCV delegierten Leistungen.<\/p>\n<p class=\"font_7 wixui-rich-text__text\"><strong>UFCV bietet die folgenden Dienstleistungen an :<\/strong><\/p>\n<ul class=\"font_7 wixui-rich-text__text\">\n<li class=\"wixui-rich-text__text\">\n<p class=\"font_7 wixui-rich-text__text\">Hort nach der Schule (Kindergarten und Grundschule)<\/p>\n<\/li>\n<li class=\"wixui-rich-text__text\">\n<p class=\"font_7 wixui-rich-text__text\">&#8222;Lunchbox&#8220; (Kindergarten, Grundschule und Sekundarstufe)<\/p>\n<\/li>\n<li class=\"wixui-rich-text__text\">\n<p class=\"font_7 wixui-rich-text__text\">Freizeitprogramm am Mittwochnachmittag und in den Schulferien (Kindergarten und Grundschule)<\/p>\n<\/li>\n<\/ul>\n<div id=\"comp-l8tum22j\" class=\"c9GqVL QxJLC3 comp-l8tum22j wixui-rich-text\" data-testid=\"richTextElement\">\n<p class=\"font_6 wixui-rich-text__text\"><strong>Verfahren f\u00fcr den Beitritt zur APE-EES :<\/strong><\/p>\n<\/div>\n<div id=\"comp-l8tum22w\" class=\"c9GqVL QxJLC3 comp-l8tum22w wixui-rich-text\" data-testid=\"richTextElement\">\n<ul class=\"font_7 wixui-rich-text__text\">\n<li class=\"wixui-rich-text__text\">\n<p class=\"font_7 wixui-rich-text__text\">Geben Sie die Informationen zu Ihrer Familie \u00fcber den beigef\u00fcgten Link ein.<\/p>\n<\/li>\n<li class=\"wixui-rich-text__text\">\n<p class=\"font_7 wixui-rich-text__text\">Die Zahlung des j\u00e4hrlichen Mitgliedsbeitrags der APE-EES in H\u00f6he von 20\u20ac erfolgt<\/p>\n<\/li>\n<li>Per E-Mail gesendete APE-EES-Anmeldedaten (werden w\u00e4hrend des Zahlungsvorgangs verwendet)<\/li>\n<li class=\"wixui-rich-text__text\">\n<p class=\"font_7 wixui-rich-text__text\">\u00dcber die HelloAsso-Plattform<\/p>\n<\/li>\n<li class=\"wixui-rich-text__text\">\n<p class=\"font_7 wixui-rich-text__text\">Es wird ein freiwilliger Beitrag zur HelloAsso-Plattform vorgeschlagen<\/p>\n<\/li>\n<li class=\"wixui-rich-text__text\">\n<p class=\"font_7 wixui-rich-text__text\">Link zur <a href=\"https:\/\/portail-animation.ufcv.fr\/ecole-europenne-strasbourg\/\">UFCV-Website<\/a> f\u00fcr Informationen (Nationale Plattform)<\/p>\n<\/li>\n<li><em><strong>PS: die zum ausf\u00fcllen des formulars verwendete e-mail und der vor- und nachname des elternteils m\u00fcssen bitte mit denen \u00fcbereinstimmen, die bei der zahlung bei HelloAsso verwendet wurden!<\/strong><\/em><\/li>\n<\/ul>\n<\/div>\n<div class=\"StylableButton2545352419__container\"><a class=\"default-btn\" href=\"https:\/\/www.helloasso.com\/associations\/ape-ees\/adhesions\/adhesion-ape-ees-annee-scolaire-2026-2027\"><span class=\"StylableButton2545352419__label wixui-button__label\" data-testid=\"stylablebutton-label\">Vollmitgliedschaft<\/span><\/a><\/div>\n<div id=\"comp-l8turevl\" class=\"c9GqVL QxJLC3 comp-l8turevl wixui-rich-text\" data-testid=\"richTextElement\">\n<p class=\"font_6 wixui-rich-text__text\"><strong>F\u00fcr Familien, die ihre Kinder f\u00fcr Dienstleistungen des UFCV (Hort, &#8222;Lunchbox&#8220;, Freizeitprogramm) anmelden m\u00f6chten:<\/strong><\/p>\n<\/div>\n<div id=\"comp-l8turevx\" class=\"c9GqVL QxJLC3 comp-l8turevx wixui-rich-text\" data-testid=\"richTextElement\">\n<p class=\"font_7 wixui-rich-text__text\">F\u00fcr Familien, die bereits im Vorjahr f\u00fcr UFCV-Dienste registriert waren:<\/p>\n<ul class=\"font_7 wixui-rich-text__text\">\n<li class=\"wixui-rich-text__text\">\n<p class=\"font_7 wixui-rich-text__text\">Bezahlen Sie Ihren Jahresbeitrag f\u00fcr Ihre Mitgliedschaft in der APE-EES.<\/p>\n<\/li>\n<li class=\"wixui-rich-text__text\">\n<p class=\"font_7 wixui-rich-text__text\">Schicken Sie das vorausgef\u00fcllte Anmeldeformular des UFCVs, das Sie im Juni vom UFCV erhalten haben, mit den aktualisierten Informationen ausgef\u00fcllt per Mail an den UFCV zur\u00fcck.<\/p>\n<\/li>\n<li class=\"wixui-rich-text__text\">\n<p class=\"font_7 wixui-rich-text__text\">Die UFCV wird per E-Mail antworten, um den Eingang des Anmeldeformulars zu best\u00e4tigen.<\/p>\n<\/li>\n<li class=\"wixui-rich-text__text\">\n<p class=\"font_7 wixui-rich-text__text\">Die Familie muss die Anmeldung best\u00e4tigen, indem sie sich auf der UFCV-Website einloggt (Login wird vom UFCV bereitgestellt):\u00a0<a class=\"wixui-rich-text__text\" href=\"https:\/\/portail-animation.ufcv.fr\/ecole-europenne-strasbourg\/\" target=\"_blank\" rel=\"noopener\" data-auto-recognition=\"true\">https:\/\/portail-animation.ufcv.fr\/ecole-europenne-strasbourg\/<\/a>\u200b\u200b<\/p>\n<\/li>\n<\/ul>\n<p class=\"font_7 wixui-rich-text__text\">F\u00fcr eine erste Anmeldung zu den UFCV-Diensten:<\/p>\n<ul class=\"font_7 wixui-rich-text__text\">\n<li class=\"wixui-rich-text__text\">\n<p class=\"font_7 wixui-rich-text__text\">Bezahlen Sie Ihren Jahresbeitrag f\u00fcr Ihre Mitgliedschaft in der APE-EES.<\/p>\n<\/li>\n<li class=\"wixui-rich-text__text\">\n<p class=\"font_7 wixui-rich-text__text\">Laden Sie die Anmeldedatei auf der UFCV-Website herunter:\u00a0<a class=\"wixui-rich-text__text\" href=\"https:\/\/portail-animation.ufcv.fr\/ecole-europenne-strasbourg\/\" target=\"_blank\" rel=\"noopener\" data-auto-recognition=\"true\">https:\/\/portail-animation.ufcv.fr\/ecole-europenne-strasbourg\/<\/a>\u200b<\/p>\n<\/li>\n<li class=\"wixui-rich-text__text\">\n<p class=\"font_7 wixui-rich-text__text\">Senden Sie die Datei per E-Mail an UFCV zur\u00fcck.<\/p>\n<\/li>\n<li class=\"wixui-rich-text__text\">\n<p class=\"font_7 wixui-rich-text__text\">Die UFCV antwortet, um den Eingang des Anmeldeformulars zu best\u00e4tigen.<\/p>\n<\/li>\n<li class=\"wixui-rich-text__text\">\n<p class=\"font_7 wixui-rich-text__text\">Die Familie muss die Registrierung best\u00e4tigen, indem sie sich auf der UFCV-Website einloggt (Login wird von der UFCV bereitgestellt):\u00a0<a class=\"wixui-rich-text__text\" href=\"https:\/\/portail-animation.ufcv.fr\/ecole-europenne-strasbourg\/\" target=\"_blank\" rel=\"noopener\" data-auto-recognition=\"true\">https:\/\/portail-animation.ufcv.fr\/ecole-europenne-strasbourg\/<\/a><\/p>\n<\/li>\n<\/ul>\n<\/div>\n<div id=\"comp-l92fkutv\" class=\"comp-l92fkutv SPY_vo\">\n<div class=\"\" data-mesh-id=\"comp-l92fkutvinlineContent\" data-testid=\"inline-content\">\n<div data-mesh-id=\"comp-l92fkutvinlineContent-gridContainer\" data-testid=\"mesh-container-content\">\n<div id=\"comp-l8tuu5tj\" class=\"c9GqVL QxJLC3 comp-l8tuu5tj wixui-rich-text\" data-testid=\"richTextElement\"><\/div>\n<\/div>\n<\/div>\n<\/div>\n\t\t\t<\/div>\r\n\t\t<\/div>\r\n\t<\/section>\r\n","protected":false},"excerpt":{"rendered":"","protected":false},"author":1,"featured_media":0,"parent":0,"menu_order":0,"comment_status":"closed","ping_status":"closed","template":"","meta":{"footnotes":""},"class_list":["post-847","page","type-page","status-publish","hentry"],"acf":[],"yoast_head":"<!-- This site is optimized with the Yoast SEO plugin v27.6 - https:\/\/yoast.com\/product\/yoast-seo-wordpress\/ -->\n<title>Join APE-EES - APE-EES, European School Strasbourg<\/title>\n<meta name=\"robots\" content=\"index, follow, max-snippet:-1, max-image-preview:large, max-video-preview:-1\" \/>\n<link rel=\"canonical\" href=\"https:\/\/ape-ees.eu\/de\/join-ape-ees\/\" \/>\n<meta property=\"og:locale\" content=\"de_DE\" \/>\n<meta property=\"og:type\" content=\"article\" \/>\n<meta property=\"og:title\" content=\"Join APE-EES - APE-EES, European School Strasbourg\" \/>\n<meta property=\"og:url\" content=\"https:\/\/ape-ees.eu\/de\/join-ape-ees\/\" \/>\n<meta property=\"og:site_name\" content=\"APE-EES, European School Strasbourg\" \/>\n<meta property=\"article:publisher\" content=\"https:\/\/www.facebook.com\/groups\/ape.ees\" \/>\n<meta property=\"article:modified_time\" content=\"2026-04-22T14:33:38+00:00\" \/>\n<meta property=\"og:image\" content=\"https:\/\/ape-ees.eu\/wp-content\/uploads\/2024\/03\/european-school-strasbourg.jpg\" \/>\n\t<meta property=\"og:image:width\" content=\"830\" \/>\n\t<meta property=\"og:image:height\" content=\"825\" \/>\n\t<meta property=\"og:image:type\" content=\"image\/jpeg\" \/>\n<meta name=\"twitter:card\" content=\"summary_large_image\" \/>\n<script type=\"application\/ld+json\" class=\"yoast-schema-graph\">{\"@context\":\"https:\\\/\\\/schema.org\",\"@graph\":[{\"@type\":\"WebPage\",\"@id\":\"https:\\\/\\\/ape-ees.eu\\\/de\\\/join-ape-ees\\\/\",\"url\":\"https:\\\/\\\/ape-ees.eu\\\/de\\\/join-ape-ees\\\/\",\"name\":\"Join APE-EES - APE-EES, European School Strasbourg\",\"isPartOf\":{\"@id\":\"https:\\\/\\\/ape-ees.eu\\\/de\\\/#website\"},\"datePublished\":\"2024-03-05T09:42:30+00:00\",\"dateModified\":\"2026-04-22T14:33:38+00:00\",\"breadcrumb\":{\"@id\":\"https:\\\/\\\/ape-ees.eu\\\/de\\\/join-ape-ees\\\/#breadcrumb\"},\"inLanguage\":\"de\",\"potentialAction\":[{\"@type\":\"ReadAction\",\"target\":[\"https:\\\/\\\/ape-ees.eu\\\/de\\\/join-ape-ees\\\/\"]}]},{\"@type\":\"BreadcrumbList\",\"@id\":\"https:\\\/\\\/ape-ees.eu\\\/de\\\/join-ape-ees\\\/#breadcrumb\",\"itemListElement\":[{\"@type\":\"ListItem\",\"position\":1,\"name\":\"APE-EES\",\"item\":\"https:\\\/\\\/ape-ees.eu\\\/de\\\/\"},{\"@type\":\"ListItem\",\"position\":2,\"name\":\"Join APE-EES\"}]},{\"@type\":\"WebSite\",\"@id\":\"https:\\\/\\\/ape-ees.eu\\\/de\\\/#website\",\"url\":\"https:\\\/\\\/ape-ees.eu\\\/de\\\/\",\"name\":\"APE-EES\",\"description\":\"The Parents\u2019 Association of the European School\",\"publisher\":{\"@id\":\"https:\\\/\\\/ape-ees.eu\\\/de\\\/#organization\"},\"alternateName\":\"European School Strasbourg\",\"potentialAction\":[{\"@type\":\"SearchAction\",\"target\":{\"@type\":\"EntryPoint\",\"urlTemplate\":\"https:\\\/\\\/ape-ees.eu\\\/de\\\/?s={search_term_string}\"},\"query-input\":{\"@type\":\"PropertyValueSpecification\",\"valueRequired\":true,\"valueName\":\"search_term_string\"}}],\"inLanguage\":\"de\"},{\"@type\":\"Organization\",\"@id\":\"https:\\\/\\\/ape-ees.eu\\\/de\\\/#organization\",\"name\":\"APE-EES\",\"alternateName\":\"European School Strasbourg\",\"url\":\"https:\\\/\\\/ape-ees.eu\\\/de\\\/\",\"logo\":{\"@type\":\"ImageObject\",\"inLanguage\":\"de\",\"@id\":\"https:\\\/\\\/ape-ees.eu\\\/de\\\/#\\\/schema\\\/logo\\\/image\\\/\",\"url\":\"https:\\\/\\\/ape-ees.webvatra.top\\\/wp-content\\\/uploads\\\/cropped-favicon-2.png\",\"contentUrl\":\"https:\\\/\\\/ape-ees.webvatra.top\\\/wp-content\\\/uploads\\\/cropped-favicon-2.png\",\"width\":512,\"height\":512,\"caption\":\"APE-EES\"},\"image\":{\"@id\":\"https:\\\/\\\/ape-ees.eu\\\/de\\\/#\\\/schema\\\/logo\\\/image\\\/\"},\"sameAs\":[\"https:\\\/\\\/www.facebook.com\\\/groups\\\/ape.ees\",\"https:\\\/\\\/www.instagram.com\\\/ees.ape\\\/\"]}]}<\/script>\n<!-- \/ Yoast SEO plugin. -->","yoast_head_json":{"title":"Join APE-EES - APE-EES, European School Strasbourg","robots":{"index":"index","follow":"follow","max-snippet":"max-snippet:-1","max-image-preview":"max-image-preview:large","max-video-preview":"max-video-preview:-1"},"canonical":"https:\/\/ape-ees.eu\/de\/join-ape-ees\/","og_locale":"de_DE","og_type":"article","og_title":"Join APE-EES - APE-EES, European School Strasbourg","og_url":"https:\/\/ape-ees.eu\/de\/join-ape-ees\/","og_site_name":"APE-EES, European School Strasbourg","article_publisher":"https:\/\/www.facebook.com\/groups\/ape.ees","article_modified_time":"2026-04-22T14:33:38+00:00","og_image":[{"width":830,"height":825,"url":"https:\/\/ape-ees.eu\/wp-content\/uploads\/2024\/03\/european-school-strasbourg.jpg","type":"image\/jpeg"}],"twitter_card":"summary_large_image","schema":{"@context":"https:\/\/schema.org","@graph":[{"@type":"WebPage","@id":"https:\/\/ape-ees.eu\/de\/join-ape-ees\/","url":"https:\/\/ape-ees.eu\/de\/join-ape-ees\/","name":"Join APE-EES - APE-EES, European School Strasbourg","isPartOf":{"@id":"https:\/\/ape-ees.eu\/de\/#website"},"datePublished":"2024-03-05T09:42:30+00:00","dateModified":"2026-04-22T14:33:38+00:00","breadcrumb":{"@id":"https:\/\/ape-ees.eu\/de\/join-ape-ees\/#breadcrumb"},"inLanguage":"de","potentialAction":[{"@type":"ReadAction","target":["https:\/\/ape-ees.eu\/de\/join-ape-ees\/"]}]},{"@type":"BreadcrumbList","@id":"https:\/\/ape-ees.eu\/de\/join-ape-ees\/#breadcrumb","itemListElement":[{"@type":"ListItem","position":1,"name":"APE-EES","item":"https:\/\/ape-ees.eu\/de\/"},{"@type":"ListItem","position":2,"name":"Join APE-EES"}]},{"@type":"WebSite","@id":"https:\/\/ape-ees.eu\/de\/#website","url":"https:\/\/ape-ees.eu\/de\/","name":"APE-EES","description":"The Parents\u2019 Association of the European School","publisher":{"@id":"https:\/\/ape-ees.eu\/de\/#organization"},"alternateName":"European School Strasbourg","potentialAction":[{"@type":"SearchAction","target":{"@type":"EntryPoint","urlTemplate":"https:\/\/ape-ees.eu\/de\/?s={search_term_string}"},"query-input":{"@type":"PropertyValueSpecification","valueRequired":true,"valueName":"search_term_string"}}],"inLanguage":"de"},{"@type":"Organization","@id":"https:\/\/ape-ees.eu\/de\/#organization","name":"APE-EES","alternateName":"European School Strasbourg","url":"https:\/\/ape-ees.eu\/de\/","logo":{"@type":"ImageObject","inLanguage":"de","@id":"https:\/\/ape-ees.eu\/de\/#\/schema\/logo\/image\/","url":"https:\/\/ape-ees.webvatra.top\/wp-content\/uploads\/cropped-favicon-2.png","contentUrl":"https:\/\/ape-ees.webvatra.top\/wp-content\/uploads\/cropped-favicon-2.png","width":512,"height":512,"caption":"APE-EES"},"image":{"@id":"https:\/\/ape-ees.eu\/de\/#\/schema\/logo\/image\/"},"sameAs":["https:\/\/www.facebook.com\/groups\/ape.ees","https:\/\/www.instagram.com\/ees.ape\/"]}]}},"jetpack_shortlink":"https:\/\/wp.me\/PfG65v-dF","jetpack_sharing_enabled":true,"_links":{"self":[{"href":"https:\/\/ape-ees.eu\/de\/wp-json\/wp\/v2\/pages\/847","targetHints":{"allow":["GET"]}}],"collection":[{"href":"https:\/\/ape-ees.eu\/de\/wp-json\/wp\/v2\/pages"}],"about":[{"href":"https:\/\/ape-ees.eu\/de\/wp-json\/wp\/v2\/types\/page"}],"author":[{"embeddable":true,"href":"https:\/\/ape-ees.eu\/de\/wp-json\/wp\/v2\/users\/1"}],"replies":[{"embeddable":true,"href":"https:\/\/ape-ees.eu\/de\/wp-json\/wp\/v2\/comments?post=847"}],"version-history":[{"count":23,"href":"https:\/\/ape-ees.eu\/de\/wp-json\/wp\/v2\/pages\/847\/revisions"}],"predecessor-version":[{"id":5895,"href":"https:\/\/ape-ees.eu\/de\/wp-json\/wp\/v2\/pages\/847\/revisions\/5895"}],"wp:attachment":[{"href":"https:\/\/ape-ees.eu\/de\/wp-json\/wp\/v2\/media?parent=847"}],"curies":[{"name":"wp","href":"https:\/\/api.w.org\/{rel}","templated":true}]}}