{"id":839,"date":"2024-03-05T10:43:52","date_gmt":"2024-03-05T09:43:52","guid":{"rendered":"https:\/\/ape-ees.eu\/lunch-box\/"},"modified":"2024-03-29T08:55:09","modified_gmt":"2024-03-29T08:55:09","slug":"lunch-box","status":"publish","type":"page","link":"https:\/\/ape-ees.eu\/de\/lunch-box\/","title":{"rendered":"Lunch box"},"content":{"rendered":"<section class=\"page-title-area\">\r\n\t<div class=\"container\">\r\n\t\t<div class=\"page-title-content\">\r\n\t\t\t<h1>Lunch box<\/h1><div class=\"breadcrumbs\"><span><span><a href=\"https:\/\/ape-ees.eu\/de\/\">APE-EES<\/a><\/span><\/span><\/div>\t\t<\/div>\r\n\t<\/div>\r\n\t<\/section>\n\n\t<section class=\"campus-experiences-area ptb-100\">\r\n\t\t<div class=\"container\">\r\n\t\t\t<div class=\"main-default-content\">\r\n\t\t\t\t<h2>Lunch box<\/h2>\n<p>Wenn Ihr Kind lieber Essen von zu Hause mitbringen m\u00f6chte, haben Sie die M\u00f6glichkeit, die Services der APE zu nutzen und Ihr Kind f\u00fcr den Lunchbox-Service anzumelden.<\/p>\n<p>Um diesen Service nutzen zu k\u00f6nnen, m\u00fcssen Sie Mitglied der APE sein und sich \u00fcber den UFCV-Dienstleister registrieren.<\/p>\n\t\t\t\t\t\t\t\t\t<div class=\"course-odf-bg\">\r\n\t\t\t\t\t\t\t\t\t\t<div class=\"row align-items-center\">\r\n\t\t\t\t\t\t\t\t\t\t\t<div class=\"col-lg-6\">\r\n\t\t\t\t\t\t\t\t\t\t\t\t<div class=\"course-pdf\">\r\n\t\t\t\t\t\t\t\t\t\t\t\t\t<i class=\"ri-file-pdf-line\"><\/i>\r\n\t\t\t\t\t\t\t\t\t\t\t\t\t<h3>Weitere Informationen (UFCV-Website)<\/h3>\r\n\t\t\t\t\t\t\t\t\t\t\t\t<\/div>\r\n\t\t\t\t\t\t\t\t\t\t\t<\/div>\r\n\t\t\t\t\t\t\t\t\t\t\t<div class=\"col-lg-6\">\r\n\t\t\t\t\t\t\t\t\t\t\t\t<div class=\"download-pdf\">\r\n\t\t\t\t\t\t\t\t\t\t\t\t\t\t\t\t\t\t\t\t\t\t\t\t\t\t\t\t\t\t<a href=\"https:\/\/portail-animation.ufcv.fr\/ecole-europenne-strasbourg\/\" class=\"default-btn\" target=\"_blank\">Besuchen Sie die Website<i class=\"ri-arrow-right-line\"><\/i><\/a>\r\n\t\t\t\t\t\t\t\t\t\t\t\t\t\t\t\t\t\t\t\t\t\t\t\t\t\t\t\t<\/div>\r\n\t\t\t\t\t\t\t\t\t\t\t<\/div>\r\n\t\t\t\t\t\t\t\t\t\t<\/div>\r\n\t\t\t\t\t\t\t\t\t<\/div>\r\n\t\t\t\t\t\t\t\t\t\t\t<\/div>\r\n\t\t<\/div>\r\n\t<\/section>\r\n","protected":false},"excerpt":{"rendered":"","protected":false},"author":1,"featured_media":0,"parent":0,"menu_order":0,"comment_status":"closed","ping_status":"closed","template":"","meta":{"footnotes":""},"class_list":["post-839","page","type-page","status-publish","hentry"],"acf":[],"yoast_head":"<!-- This site is optimized with the Yoast SEO plugin v27.4 - https:\/\/yoast.com\/product\/yoast-seo-wordpress\/ -->\n<title>Lunch box - APE-EES, European School Strasbourg<\/title>\n<meta name=\"robots\" content=\"index, follow, max-snippet:-1, max-image-preview:large, max-video-preview:-1\" \/>\n<link rel=\"canonical\" href=\"https:\/\/ape-ees.eu\/de\/lunch-box\/\" \/>\n<meta property=\"og:locale\" content=\"de_DE\" \/>\n<meta property=\"og:type\" content=\"article\" \/>\n<meta property=\"og:title\" content=\"Lunch box - APE-EES, European School Strasbourg\" \/>\n<meta property=\"og:url\" content=\"https:\/\/ape-ees.eu\/de\/lunch-box\/\" \/>\n<meta property=\"og:site_name\" content=\"APE-EES, European School Strasbourg\" \/>\n<meta property=\"article:publisher\" content=\"https:\/\/www.facebook.com\/groups\/ape.ees\" \/>\n<meta property=\"article:modified_time\" content=\"2024-03-29T08:55:09+00:00\" \/>\n<meta property=\"og:image\" content=\"https:\/\/ape-ees.eu\/wp-content\/uploads\/2024\/03\/european-school-strasbourg.jpg\" \/>\n\t<meta property=\"og:image:width\" content=\"830\" \/>\n\t<meta property=\"og:image:height\" content=\"825\" \/>\n\t<meta property=\"og:image:type\" content=\"image\/jpeg\" \/>\n<meta name=\"twitter:card\" content=\"summary_large_image\" \/>\n<script type=\"application\/ld+json\" class=\"yoast-schema-graph\">{\"@context\":\"https:\\\/\\\/schema.org\",\"@graph\":[{\"@type\":\"WebPage\",\"@id\":\"https:\\\/\\\/ape-ees.eu\\\/de\\\/lunch-box\\\/\",\"url\":\"https:\\\/\\\/ape-ees.eu\\\/de\\\/lunch-box\\\/\",\"name\":\"Lunch box - APE-EES, European School Strasbourg\",\"isPartOf\":{\"@id\":\"https:\\\/\\\/ape-ees.eu\\\/de\\\/#website\"},\"datePublished\":\"2024-03-05T09:43:52+00:00\",\"dateModified\":\"2024-03-29T08:55:09+00:00\",\"breadcrumb\":{\"@id\":\"https:\\\/\\\/ape-ees.eu\\\/de\\\/lunch-box\\\/#breadcrumb\"},\"inLanguage\":\"de\",\"potentialAction\":[{\"@type\":\"ReadAction\",\"target\":[\"https:\\\/\\\/ape-ees.eu\\\/de\\\/lunch-box\\\/\"]}]},{\"@type\":\"BreadcrumbList\",\"@id\":\"https:\\\/\\\/ape-ees.eu\\\/de\\\/lunch-box\\\/#breadcrumb\",\"itemListElement\":[{\"@type\":\"ListItem\",\"position\":1,\"name\":\"APE-EES\",\"item\":\"https:\\\/\\\/ape-ees.eu\\\/de\\\/\"},{\"@type\":\"ListItem\",\"position\":2,\"name\":\"Lunch box\"}]},{\"@type\":\"WebSite\",\"@id\":\"https:\\\/\\\/ape-ees.eu\\\/de\\\/#website\",\"url\":\"https:\\\/\\\/ape-ees.eu\\\/de\\\/\",\"name\":\"APE-EES\",\"description\":\"The Parents\u2019 Association of the European School\",\"publisher\":{\"@id\":\"https:\\\/\\\/ape-ees.eu\\\/de\\\/#organization\"},\"alternateName\":\"European School Strasbourg\",\"potentialAction\":[{\"@type\":\"SearchAction\",\"target\":{\"@type\":\"EntryPoint\",\"urlTemplate\":\"https:\\\/\\\/ape-ees.eu\\\/de\\\/?s={search_term_string}\"},\"query-input\":{\"@type\":\"PropertyValueSpecification\",\"valueRequired\":true,\"valueName\":\"search_term_string\"}}],\"inLanguage\":\"de\"},{\"@type\":\"Organization\",\"@id\":\"https:\\\/\\\/ape-ees.eu\\\/de\\\/#organization\",\"name\":\"APE-EES\",\"alternateName\":\"European School Strasbourg\",\"url\":\"https:\\\/\\\/ape-ees.eu\\\/de\\\/\",\"logo\":{\"@type\":\"ImageObject\",\"inLanguage\":\"de\",\"@id\":\"https:\\\/\\\/ape-ees.eu\\\/de\\\/#\\\/schema\\\/logo\\\/image\\\/\",\"url\":\"https:\\\/\\\/ape-ees.webvatra.top\\\/wp-content\\\/uploads\\\/cropped-favicon-2.png\",\"contentUrl\":\"https:\\\/\\\/ape-ees.webvatra.top\\\/wp-content\\\/uploads\\\/cropped-favicon-2.png\",\"width\":512,\"height\":512,\"caption\":\"APE-EES\"},\"image\":{\"@id\":\"https:\\\/\\\/ape-ees.eu\\\/de\\\/#\\\/schema\\\/logo\\\/image\\\/\"},\"sameAs\":[\"https:\\\/\\\/www.facebook.com\\\/groups\\\/ape.ees\",\"https:\\\/\\\/www.instagram.com\\\/ees.ape\\\/\"]}]}<\/script>\n<!-- \/ Yoast SEO plugin. -->","yoast_head_json":{"title":"Lunch box - APE-EES, European School Strasbourg","robots":{"index":"index","follow":"follow","max-snippet":"max-snippet:-1","max-image-preview":"max-image-preview:large","max-video-preview":"max-video-preview:-1"},"canonical":"https:\/\/ape-ees.eu\/de\/lunch-box\/","og_locale":"de_DE","og_type":"article","og_title":"Lunch box - APE-EES, European School Strasbourg","og_url":"https:\/\/ape-ees.eu\/de\/lunch-box\/","og_site_name":"APE-EES, European School Strasbourg","article_publisher":"https:\/\/www.facebook.com\/groups\/ape.ees","article_modified_time":"2024-03-29T08:55:09+00:00","og_image":[{"width":830,"height":825,"url":"https:\/\/ape-ees.eu\/wp-content\/uploads\/2024\/03\/european-school-strasbourg.jpg","type":"image\/jpeg"}],"twitter_card":"summary_large_image","schema":{"@context":"https:\/\/schema.org","@graph":[{"@type":"WebPage","@id":"https:\/\/ape-ees.eu\/de\/lunch-box\/","url":"https:\/\/ape-ees.eu\/de\/lunch-box\/","name":"Lunch box - APE-EES, European School Strasbourg","isPartOf":{"@id":"https:\/\/ape-ees.eu\/de\/#website"},"datePublished":"2024-03-05T09:43:52+00:00","dateModified":"2024-03-29T08:55:09+00:00","breadcrumb":{"@id":"https:\/\/ape-ees.eu\/de\/lunch-box\/#breadcrumb"},"inLanguage":"de","potentialAction":[{"@type":"ReadAction","target":["https:\/\/ape-ees.eu\/de\/lunch-box\/"]}]},{"@type":"BreadcrumbList","@id":"https:\/\/ape-ees.eu\/de\/lunch-box\/#breadcrumb","itemListElement":[{"@type":"ListItem","position":1,"name":"APE-EES","item":"https:\/\/ape-ees.eu\/de\/"},{"@type":"ListItem","position":2,"name":"Lunch box"}]},{"@type":"WebSite","@id":"https:\/\/ape-ees.eu\/de\/#website","url":"https:\/\/ape-ees.eu\/de\/","name":"APE-EES","description":"The Parents\u2019 Association of the European School","publisher":{"@id":"https:\/\/ape-ees.eu\/de\/#organization"},"alternateName":"European School Strasbourg","potentialAction":[{"@type":"SearchAction","target":{"@type":"EntryPoint","urlTemplate":"https:\/\/ape-ees.eu\/de\/?s={search_term_string}"},"query-input":{"@type":"PropertyValueSpecification","valueRequired":true,"valueName":"search_term_string"}}],"inLanguage":"de"},{"@type":"Organization","@id":"https:\/\/ape-ees.eu\/de\/#organization","name":"APE-EES","alternateName":"European School Strasbourg","url":"https:\/\/ape-ees.eu\/de\/","logo":{"@type":"ImageObject","inLanguage":"de","@id":"https:\/\/ape-ees.eu\/de\/#\/schema\/logo\/image\/","url":"https:\/\/ape-ees.webvatra.top\/wp-content\/uploads\/cropped-favicon-2.png","contentUrl":"https:\/\/ape-ees.webvatra.top\/wp-content\/uploads\/cropped-favicon-2.png","width":512,"height":512,"caption":"APE-EES"},"image":{"@id":"https:\/\/ape-ees.eu\/de\/#\/schema\/logo\/image\/"},"sameAs":["https:\/\/www.facebook.com\/groups\/ape.ees","https:\/\/www.instagram.com\/ees.ape\/"]}]}},"jetpack_shortlink":"https:\/\/wp.me\/PfG65v-dx","jetpack_sharing_enabled":true,"_links":{"self":[{"href":"https:\/\/ape-ees.eu\/de\/wp-json\/wp\/v2\/pages\/839","targetHints":{"allow":["GET"]}}],"collection":[{"href":"https:\/\/ape-ees.eu\/de\/wp-json\/wp\/v2\/pages"}],"about":[{"href":"https:\/\/ape-ees.eu\/de\/wp-json\/wp\/v2\/types\/page"}],"author":[{"embeddable":true,"href":"https:\/\/ape-ees.eu\/de\/wp-json\/wp\/v2\/users\/1"}],"replies":[{"embeddable":true,"href":"https:\/\/ape-ees.eu\/de\/wp-json\/wp\/v2\/comments?post=839"}],"version-history":[{"count":3,"href":"https:\/\/ape-ees.eu\/de\/wp-json\/wp\/v2\/pages\/839\/revisions"}],"predecessor-version":[{"id":1254,"href":"https:\/\/ape-ees.eu\/de\/wp-json\/wp\/v2\/pages\/839\/revisions\/1254"}],"wp:attachment":[{"href":"https:\/\/ape-ees.eu\/de\/wp-json\/wp\/v2\/media?parent=839"}],"curies":[{"name":"wp","href":"https:\/\/api.w.org\/{rel}","templated":true}]}}